{"id":760,"date":"2020-11-04T18:38:39","date_gmt":"2020-11-04T18:38:39","guid":{"rendered":"http:\/\/webredox.net\/demo\/wp\/zonar\/?page_id=18"},"modified":"2026-01-31T14:32:15","modified_gmt":"2026-01-31T17:32:15","slug":"swiss-impact","status":"publish","type":"page","link":"https:\/\/swissimpactdebosselage.ch\/it\/swiss-impact\/","title":{"rendered":"Swiss Impact"},"content":{"rendered":"<div class=\"wpb-content-wrapper\"><div class=\"clear\"><\/div><section id=\"sec1\" class=\"scroll_sec vc_template\" ><div class=\"container\"><div class=\"section-title\"><h3> D\u00e9filer vers le bas<\/h3><p>Nous offrons un service de d\u00e9bosselage sans peinture<\/p><\/div><\/div><div class=\"container\"><div class=\"row\"><div class=\"wpb_column vc_column_container vc_col-sm-5\"><div class=\"vc_column-inner\"><div class=\"wpb_wrapper\"><div class=\"dec-img   fl-wrap\"><img decoding=\"async\" src=\"https:\/\/swissimpactdebosselage.ch\/wp-content\/uploads\/2024\/07\/Swiss-Impact-Debosselage-martelinho-de-ouro-manutencao-carro-geneve-genebra-3.jpg\" class=\"respimg\" alt=\"Swiss-Impact-Debosselage-martelinho-de-ouro-manutencao-carro-geneve-genebra-3\"><a class=\"video_link image-popup\" href=\"https:\/\/youtu.be\/jGUUgSZbbvA?si=OoGjWW2E-7m1m7iw\"><i class=\"fas fa-play\"><\/i><span>Lire la vid\u00e9o de l&#039;histoire<\/span><\/a><\/div><\/div><\/div><\/div><div class=\"wpb_column vc_column_container vc_col-sm-7\"><div class=\"vc_column-inner\"><div class=\"wpb_wrapper\"><div class=\"main-about fl-wrap\"><h2><span> D\u00e9bosselage sans peinture <\/span><\/h2><div class=\"main-about-text-area\">\n<p style=\"text-align: justify;\">Swiss Impact propose un service de d\u00e9bosselage sans peinture. Un proc\u00e9d\u00e9 rapide, \u00e9conomique et \u00e9cologique pour \u00e9liminer les bosses disgracieuses et g\u00eanantes.<\/p>\n<p style=\"text-align: justify;\">Nous proposons des services de d\u00e9bosselage fiables pour toutes les marques et tous les mod\u00e8les de voitures. Swiss Impact est sp\u00e9cialis\u00e9 dans le d\u00e9bosselage sans peinture (PDR), ce qui garantit \u00e0 nos clients une \u00e9conomie de temps et d&#8217;argent consid\u00e9rable.<\/p>\n<p style=\"text-align: justify;\">Nous poss\u00e9dons les connaissances m\u00e9caniques et les comp\u00e9tences technologiques n\u00e9cessaires pour r\u00e9parer les bosses, grandes et petites, sans toucher \u00e0 la peinture immacul\u00e9e d&#8217;une voiture. Notre proc\u00e9dure de d\u00e9bosselage sans peinture est con\u00e7ue pour restaurer les automobiles dans leur \u00e9tat d\u2019avant les dommages sans avoir recours \u00e0 des r\u00e9parations de carrosserie traditionnelles co\u00fbteuses et longues.<\/p>\n<p style=\"text-align: justify;\">Notre service de d\u00e9bosselage \u00e9limine le besoin de travaux de repeinture, de pon\u00e7age et de remplissage qui pourraient r\u00e9duire la valeur de votre voiture. Nous nous engageons \u00e0 effectuer un travail propre et minutieux afin que vous puissiez continuer \u00e0 utiliser votre v\u00e9hicule r\u00e9guli\u00e8rement sans souci.<\/p>\n<p style=\"text-align: justify;\">Nous disposons d&#8217;outils sp\u00e9cialis\u00e9s qui peuvent r\u00e9parer les bosses, les creux et les plis sur n&#8217;importe quel panneau. Nous sommes tr\u00e8s fiers de la formation et de l&#8217;exp\u00e9rience que nous avons acquises au fil des ann\u00e9es en offrant un service d\u00e9di\u00e9 aux propri\u00e9taires de v\u00e9hicules individuels, aux concessionnaires et aux entreprises. Pour maximiser la valeur de votre investissement, nous vous proposons les meilleures solutions.<\/p>\n<\/div><\/div><div class=\"clear\"><\/div><div class=\"main-about fl-wrap\"><a href=\"https:\/\/swissimpactdebosselage.ch\/it\/contacts\/\" class=\"ajax  btn  color-bg  fl-btn\"><span>Demander un Devis<\/span><\/a><\/div><\/div><\/div><\/div><\/div> <\/div><div class=\"section-number\"><span>0<\/span>1.<\/div><\/section><div class=\"section-separator fl-wrap\"><span><\/span><\/div><div class=\"clear\"><\/div><section id=\"sec2\" class=\"scroll_sec vc_template\" ><div class=\"container\"><div class=\"section-title\"><h3> Liste des Prestations<\/h3><p>D\u00e9bosselage avanc\u00e9<\/p><\/div><\/div><div class=\"container\"><div class=\"row\"><div class=\"wpb_column vc_column_container vc_col-sm-12\"><div class=\"vc_column-inner\"><div class=\"wpb_wrapper\"><div class=\"vc_row wpb_row vc_inner vc_row-fluid\"><div class=\"wpb_column vc_column_container vc_col-sm-6\"><div class=\"vc_column-inner\"><div class=\"wpb_wrapper\"><div class=\"clear\"><\/div><div class=\"process-details\"><span class=\"pd-icon\">\n                  <i class=\"fa-solid fa-car\"><\/i>\n                  <\/span><h4>Debosselage<\/h4><div class=\"clearfix\"><\/div><p>Ce processus n\u00e9cessite un technicien qualifi\u00e9 pour visualiser et manipuler des emplacements pr\u00e9cis du m\u00e9tal d&#039;un v\u00e9hicule.<\/p><span class=\"process-numder\">01.<\/span><div class=\"show-phdc\"><i class=\"fal fa-plus\"><\/i> <span>D\u00e9tails<\/span><\/div><div class=\"proces-details-content\"><div class=\"close-hidden_pdc\"><i class=\"fal fa-times\"><\/i><\/div><div class=\"proces-details-content-wrap\"><ul class=\"pdcw_list fl-wrap\"><li>POLYVALENCE<\/li><li>DURABILIT\u00c9<\/li><li>TEMPS<\/li><\/ul><p>Des techniques avanc\u00e9es et des instruments de pr\u00e9cision rendent possibles les moindres d\u00e9tails de ce processus. Ce proc\u00e9d\u00e9 consiste \u00e0 pousser et masser le m\u00e9tal, sans peinture, sans remplissage de carrosserie ni pon\u00e7age. Le d\u00e9bosselage avanc\u00e9 et la r\u00e9paration des bosses des portes sont pris en charge par des professionnels pour la tranquillit\u00e9 d&#039;esprit des clients.<\/p><\/div><\/div><\/div><div class=\"clear\"><\/div><div class=\"process-details\"><span class=\"pd-icon\">\n                  <i class=\"fa-solid fa-car\"><\/i>\n                  <\/span><h4>Grands et Petits Amass\u00e9s<\/h4><div class=\"clearfix\"><\/div><p>Nous proposons une technologie de pointe et respectueuse de l\u2019environnement pour le d\u00e9bosselage sans peinture.<\/p><span class=\"process-numder\">03.<\/span><div class=\"show-phdc\"><i class=\"fal fa-plus\"><\/i> <span>D\u00e9tails<\/span><\/div><div class=\"proces-details-content\"><div class=\"close-hidden_pdc\"><i class=\"fal fa-times\"><\/i><\/div><div class=\"proces-details-content-wrap\"><ul class=\"pdcw_list fl-wrap\"><li>VITESSE<\/li><li>QUALIT\u00c9<\/li><li>SP\u00c9CIALISTES<\/li><\/ul><p>Con\u00e7u pour \u00e9liminer les dommages caus\u00e9s par la gr\u00eale, les bosses, les marques et les plis \u00e0 un co\u00fbt bien inf\u00e9rieur aux proc\u00e9dures standard des ateliers d&#039;usinage.<\/p><\/div><\/div><\/div><\/div><\/div><\/div><div class=\"wpb_column vc_column_container vc_col-sm-6\"><div class=\"vc_column-inner\"><div class=\"wpb_wrapper\"><div class=\"clear\"><\/div><div class=\"process-details\"><span class=\"pd-icon\">\n                  <i class=\"fa-solid fa-car\"><\/i>\n                  <\/span><h4>Des Coups de Porte<\/h4><div class=\"clearfix\"><\/div><p>Les plis dans les portes ou les panneaux de votre voiture sont souvent encore plus difficiles \u00e0 r\u00e9parer que de simples bosses ou bosses.<\/p><span class=\"process-numder\">02.<\/span><div class=\"show-phdc\"><i class=\"fal fa-plus\"><\/i> <span>D\u00e9tails<\/span><\/div><div class=\"proces-details-content\"><div class=\"close-hidden_pdc\"><i class=\"fal fa-times\"><\/i><\/div><div class=\"proces-details-content-wrap\"><ul class=\"pdcw_list fl-wrap\"><li>EXP\u00c9RIENCE<\/li><li>QUALIT\u00c9<\/li><li>SP\u00c9CIALISTES<\/li><\/ul><p>Ils n\u00e9cessitent un technicien qualifi\u00e9, un \u00e9quipement appropri\u00e9 et de la patience. Selon la taille et l&#039;emplacement de la bosse, nous pouvons g\u00e9n\u00e9ralement effectuer la r\u00e9paration le jour m\u00eame, parfois m\u00eame pendant que vous attendez !<\/p><\/div><\/div><\/div><div class=\"clear\"><\/div><div class=\"process-details\"><span class=\"pd-icon\">\n                  <i class=\"fa-solid fa-car\"><\/i>\n                  <\/span><h4>Sp\u00e9cialis\u00e9 Dans la Gr\u00eale<\/h4><div class=\"clearfix\"><\/div><p>Vous ne pouvez pas toujours faire l\u2019effort de prot\u00e9ger votre v\u00e9hicule lorsque Dame Nature frappe.<\/p><span class=\"process-numder\">04.<\/span><div class=\"show-phdc\"><i class=\"fal fa-plus\"><\/i> <span>D\u00e9tails<\/span><\/div><div class=\"proces-details-content\"><div class=\"close-hidden_pdc\"><i class=\"fal fa-times\"><\/i><\/div><div class=\"proces-details-content-wrap\"><ul class=\"pdcw_list fl-wrap\"><li>SATISFACTION GARANTIE<\/li><li>VITESSE<\/li><\/ul><p>La gr\u00eale peut endommager rapidement la surface d\u00e9licate de votre v\u00e9hicule, produisant des dizaines de bosses et de bosses disgracieuses.<\/p><\/div><\/div><\/div><\/div><\/div><\/div><\/div><div class=\"vc_row wpb_row vc_inner vc_row-fluid\"><div class=\"wpb_column vc_column_container vc_col-sm-12\"><div class=\"vc_column-inner\"><div class=\"wpb_wrapper\"><div class=\"vc_empty_space\"   style=\"height: 50px\"><span class=\"vc_empty_space_inner\"><\/span><\/div><div class=\"srv-link-text fl-wrap\"><h4>Demander un devis en ligne<\/h4><a href=\"https:\/\/swissimpactdebosselage.ch\/it\/contacts\/\" class=\"btn  color-bg  fl-btn ajax\" target=\"_self\"><span>Contacts<\/span><\/a><\/div><\/div><\/div><\/div><\/div><\/div><\/div><\/div><\/div> <\/div><div class=\"section-number\"><span>0<\/span>2.<\/div><\/section><div class=\"section-separator fl-wrap\"><span><\/span><\/div>\n<\/div>","protected":false},"excerpt":{"rendered":"D\u00e9filer vers le basNous offrons un service de d\u00e9bosselage sans peintureLire la vid\u00e9o de l&#039;histoire D\u00e9bosselage sans peinture Swiss Impact propose un...","protected":false},"author":1,"featured_media":0,"parent":0,"menu_order":0,"comment_status":"closed","ping_status":"closed","template":"","meta":{"footnotes":""},"class_list":["post-760","page","type-page","status-publish","hentry"],"_links":{"self":[{"href":"https:\/\/swissimpactdebosselage.ch\/it\/wp-json\/wp\/v2\/pages\/760","targetHints":{"allow":["GET"]}}],"collection":[{"href":"https:\/\/swissimpactdebosselage.ch\/it\/wp-json\/wp\/v2\/pages"}],"about":[{"href":"https:\/\/swissimpactdebosselage.ch\/it\/wp-json\/wp\/v2\/types\/page"}],"author":[{"embeddable":true,"href":"https:\/\/swissimpactdebosselage.ch\/it\/wp-json\/wp\/v2\/users\/1"}],"replies":[{"embeddable":true,"href":"https:\/\/swissimpactdebosselage.ch\/it\/wp-json\/wp\/v2\/comments?post=760"}],"version-history":[{"count":20,"href":"https:\/\/swissimpactdebosselage.ch\/it\/wp-json\/wp\/v2\/pages\/760\/revisions"}],"predecessor-version":[{"id":828,"href":"https:\/\/swissimpactdebosselage.ch\/it\/wp-json\/wp\/v2\/pages\/760\/revisions\/828"}],"wp:attachment":[{"href":"https:\/\/swissimpactdebosselage.ch\/it\/wp-json\/wp\/v2\/media?parent=760"}],"curies":[{"name":"wp","href":"https:\/\/api.w.org\/{rel}","templated":true}]}}